{"id":258,"date":"2012-09-01T16:53:39","date_gmt":"2012-09-01T16:53:39","guid":{"rendered":"http:\/\/www.patagoniaeventos.com\/wordpress\/?p=258"},"modified":"2015-06-30T18:51:32","modified_gmt":"2015-06-30T18:51:32","slug":"nativa-tour-neuquen","status":"publish","type":"page","link":"https:\/\/www.patagoniaeventos.com\/index.php\/eventos\/nativa-tour-neuquen\/","title":{"rendered":"Nativa Tour &#8211; Neuqu\u00e9n"},"content":{"rendered":"<img decoding=\"async\" class=\"img-responsive\" title=\"portada-nativa\" src=\"http:\/\/www.patagoniaeventos.com\/wp-content\/uploads\/2012\/09\/portada-nativa1.jpg\" alt=\"\" \/>\r\n\r\n<p class=\"lead\">Nativa Tour vuelve a la Ciudad de Neuqu\u00e9n por quinto a\u00f1o consecutivo!! El 4 de Noviembre, como todos los a\u00f1os largar\u00e1 con sus m\u00e1s de 1000 atletas desde la Avenida Olascoaga.<p>\r\n\r\n<p><strong>Nativa Tour<\/strong>, es un evento deportivo-social, una carrera no competitiva de 5\u00a0Kil\u00f3metros\u00a0que adem\u00e1s tendr\u00e1 una acci\u00f3n ben\u00e9fica donde colaborar\u00e1 con guarder\u00eda municipales. El\u00a0Nativa Tour, promueve la pr\u00e1ctica del deporte y la vida sana, como as\u00ed tambi\u00e9n el cuidado de la salud. El Nativa Tour es un evento participativo no competitivo que se desarrolla en:\u00a0\u00a0Mendoza,\u00a0Bah\u00eda Blanca,\u00a0Rosario,\u00a0Posadas,\u00a0Catamarca,\u00a0Tucum\u00e1n,\u00a0Azul,\u00a0Carlos Paz,\u00a0Neuqu\u00e9n, La Plata.<\/p>\r\n\r\n<p>Cada participante ser\u00e1 parte del evento en forma gratuita, solo deber\u00e1 colaborar donando \u00fatiles nuevos para ser entregados a un jard\u00edn maternal de la Ciudad de Neuqu\u00e9n a cambio de la remera de participante. En un formato de 5 K podr\u00e1s correr, trotar o caminar, lo importante es terminar, y colaborar con esta cruzada deportiva.<\/p>\r\n\r\n\r\n<h3>Recorrido<\/h3>\r\n<img decoding=\"async\" src=\"http:\/\/www.patagoniaeventos.com\/wp-content\/uploads\/2012\/09\/mapa-nativa2-011.png\" alt=\"\" \/>","protected":false},"excerpt":{"rendered":"<p>Nativa Tour vuelve a la Ciudad de Neuqu\u00e9n por quinto a\u00f1o consecutivo!! El 4 de Noviembre, como todos los a\u00f1os largar\u00e1 con sus m\u00e1s de 1000 atletas desde la Avenida Olascoaga. Nativa Tour, es un evento deportivo-social, una carrera no competitiva de 5\u00a0Kil\u00f3metros\u00a0que adem\u00e1s tendr\u00e1 una acci\u00f3n ben\u00e9fica donde colaborar\u00e1 con guarder\u00eda municipales. El\u00a0Nativa Tour, [&hellip;]<\/p>\n","protected":false},"author":1,"featured_media":2160,"parent":79,"menu_order":0,"comment_status":"open","ping_status":"closed","template":"page-templates\/content-semi-full-width.php","meta":{"footnotes":""},"class_list":["post-258","page","type-page","status-publish","hentry"],"_links":{"self":[{"href":"https:\/\/www.patagoniaeventos.com\/index.php\/wp-json\/wp\/v2\/pages\/258","targetHints":{"allow":["GET"]}}],"collection":[{"href":"https:\/\/www.patagoniaeventos.com\/index.php\/wp-json\/wp\/v2\/pages"}],"about":[{"href":"https:\/\/www.patagoniaeventos.com\/index.php\/wp-json\/wp\/v2\/types\/page"}],"author":[{"embeddable":true,"href":"https:\/\/www.patagoniaeventos.com\/index.php\/wp-json\/wp\/v2\/users\/1"}],"replies":[{"embeddable":true,"href":"https:\/\/www.patagoniaeventos.com\/index.php\/wp-json\/wp\/v2\/comments?post=258"}],"version-history":[{"count":0,"href":"https:\/\/www.patagoniaeventos.com\/index.php\/wp-json\/wp\/v2\/pages\/258\/revisions"}],"up":[{"embeddable":true,"href":"https:\/\/www.patagoniaeventos.com\/index.php\/wp-json\/wp\/v2\/pages\/79"}],"wp:featuredmedia":[{"embeddable":true,"href":"https:\/\/www.patagoniaeventos.com\/index.php\/wp-json\/wp\/v2\/media\/2160"}],"wp:attachment":[{"href":"https:\/\/www.patagoniaeventos.com\/index.php\/wp-json\/wp\/v2\/media?parent=258"}],"curies":[{"name":"wp","href":"https:\/\/api.w.org\/{rel}","templated":true}]}}