{"id":247,"date":"2012-09-01T16:32:57","date_gmt":"2012-09-01T16:32:57","guid":{"rendered":"http:\/\/www.patagoniaeventos.com\/wordpress\/?p=247"},"modified":"2015-06-30T19:21:25","modified_gmt":"2015-06-30T19:21:25","slug":"greencup","status":"publish","type":"page","link":"https:\/\/www.patagoniaeventos.com\/index.php\/eventos\/greencup\/","title":{"rendered":"Green Cup World Championship &#8211; Etapa Patagonia"},"content":{"rendered":"<img decoding=\"async\" class=\"img-responsive\" title=\"portada-greencup\" src=\"http:\/\/www.patagoniaeventos.com\/wp-content\/uploads\/2012\/09\/portada-greencup.jpg\" alt=\"\" \/>\r\n<hr>\r\n<p class=\"lead\">En la Etapa Patagonia, cierre del circuito Mundial de Duatl\u00f3n de Monta\u00f1a, se conjugan elementos b\u00e1sicos de este tipo de disciplina deportiva; junto a la intensidad que se vive tanto en el Mountain Bike como en la carrera a campo trav\u00e9s agregamos como aderezo un trazado por senderos que se internan en la majestuosidad que nos acerca al entorno del Parque Nacional Lanin, en la sede que estrenaremos este a\u00f1o en Junin de los Andes- Patagonia Argentina.<\/p>\r\n\r\n<h3>Datos t\u00e9cnicos:<\/h3>\r\n<ul class=\"list-unstyled\">\r\n\t<li>Duatlon Off Road &#8211; 7,5 Run + 30 MTB + 7,5 Run<\/li>\r\n\t<li>Trail Run &#8211; \u00a015 km \u00a0Alternative Race<\/li>\r\n\t<li>Green Cup Kids<\/li>\r\n<\/ul>\r\n\r\n<h3>Fotos del evento<\/h3>\r\n<div id=\"carousel-2\" class=\"carousel slide\" data-ride=\"carousel\">\r\n\t<div class=\"carousel-inner\" role=\"listbox\">\r\n\t\t<div class=\"item active\">\r\n\t\t\t<img decoding=\"async\" src=\"http:\/\/www.patagoniaeventos.com\/img_carreras\/greencup\/1.jpg\" class=\"img-responsive\">\r\n\t\t<\/div>\r\n\t\t<div class=\"item\">\r\n\t\t\t<img decoding=\"async\" src=\"http:\/\/www.patagoniaeventos.com\/img_carreras\/greencup\/2.jpg\" class=\"img-responsive\">\r\n\t\t<\/div>\r\n\t\t<div class=\"item\">\r\n\t\t\t<img decoding=\"async\" src=\"http:\/\/www.patagoniaeventos.com\/img_carreras\/greencup\/3.jpg\" class=\"img-responsive\">\r\n\t\t<\/div>\r\n\t\t<div class=\"item\">\r\n\t\t\t<img decoding=\"async\" src=\"http:\/\/www.patagoniaeventos.com\/img_carreras\/greencup\/4.jpg\" class=\"img-responsive\">\r\n\t\t<\/div>\r\n\t\t<div class=\"item\">\r\n\t\t\t<img decoding=\"async\" src=\"http:\/\/www.patagoniaeventos.com\/img_carreras\/greencup\/5.jpg\" class=\"img-responsive\">\r\n\t\t<\/div>\r\n\t\t<div class=\"item\">\r\n\t\t\t<img decoding=\"async\" src=\"http:\/\/www.patagoniaeventos.com\/img_carreras\/greencup\/6.jpg\" class=\"img-responsive\">\r\n\t\t<\/div>\r\n\t\t<div class=\"item\">\r\n\t\t\t<img decoding=\"async\" src=\"http:\/\/www.patagoniaeventos.com\/img_carreras\/greencup\/7.jpg\" class=\"img-responsive\">\r\n\t\t<\/div>\r\n\t\t<div class=\"item\">\r\n\t\t\t<img decoding=\"async\" src=\"http:\/\/www.patagoniaeventos.com\/img_carreras\/greencup\/8.jpg\" class=\"img-responsive\">\r\n\t\t<\/div>\r\n\t\t<div class=\"item\">\r\n\t\t\t<img decoding=\"async\" src=\"http:\/\/www.patagoniaeventos.com\/img_carreras\/greencup\/9.jpg\" class=\"img-responsive\">\r\n\t\t<\/div>\r\n\t\t<div class=\"item\">\r\n\t\t\t<img decoding=\"async\" src=\"http:\/\/www.patagoniaeventos.com\/img_carreras\/greencup\/10.jpg\" class=\"img-responsive\">\r\n\t\t<\/div>\r\n\t\t<div class=\"item\">\r\n\t\t\t<img decoding=\"async\" src=\"http:\/\/www.patagoniaeventos.com\/img_carreras\/greencup\/11.jpg\" class=\"img-responsive\">\r\n\t\t<\/div>\r\n\t\t<div class=\"item\">\r\n\t\t\t<img decoding=\"async\" src=\"http:\/\/www.patagoniaeventos.com\/img_carreras\/greencup\/12.jpg\" class=\"img-responsive\">\r\n\t\t<\/div>\r\n\t\t<div class=\"item\">\r\n\t\t\t<img decoding=\"async\" src=\"http:\/\/www.patagoniaeventos.com\/img_carreras\/greencup\/13.jpg\" class=\"img-responsive\">\r\n\t\t<\/div>\r\n\t\t<div class=\"item\">\r\n\t\t\t<img decoding=\"async\" src=\"http:\/\/www.patagoniaeventos.com\/img_carreras\/greencup\/14.jpg\" class=\"img-responsive\">\r\n\t\t<\/div>\r\n\t\t<div class=\"item\">\r\n\t\t\t<img decoding=\"async\" src=\"http:\/\/www.patagoniaeventos.com\/img_carreras\/greencup\/15.jpg\" class=\"img-responsive\">\r\n\t\t<\/div>\r\n\t\t<div class=\"item\">\r\n\t\t\t<img decoding=\"async\" src=\"http:\/\/www.patagoniaeventos.com\/img_carreras\/greencup\/16.jpg\" class=\"img-responsive\">\r\n\t\t<\/div>\r\n\t\t<div class=\"item\">\r\n\t\t\t<img decoding=\"async\" src=\"http:\/\/www.patagoniaeventos.com\/img_carreras\/greencup\/17.jpg\" class=\"img-responsive\">\r\n\t\t<\/div>\r\n\t\t<div class=\"item\">\r\n\t\t\t<img decoding=\"async\" src=\"http:\/\/www.patagoniaeventos.com\/img_carreras\/greencup\/18.jpg\" class=\"img-responsive\">\r\n\t\t<\/div>\r\n\t\t<div class=\"item\">\r\n\t\t\t<img decoding=\"async\" src=\"http:\/\/www.patagoniaeventos.com\/img_carreras\/greencup\/19.jpg\" class=\"img-responsive\">\r\n\t\t<\/div>\r\n\t<\/div>\r\n\t<a class=\"left carousel-control\" href=\"#carousel-2\" role=\"button\" data-slide=\"prev\">\r\n\t\t<span class=\"glyphicon glyphicon-chevron-left\" aria-hidden=\"true\"><\/span>\r\n\t\t<span class=\"sr-only\">Previous<\/span>\r\n\t<\/a>\r\n\t<a class=\"right carousel-control\" href=\"#carousel-2\" role=\"button\" data-slide=\"next\">\r\n\t\t<span class=\"glyphicon glyphicon-chevron-right\" aria-hidden=\"true\"><\/span>\r\n\t\t<span class=\"sr-only\">Next<\/span>\r\n\t<\/a>\r\n<\/div>","protected":false},"excerpt":{"rendered":"<p>En la Etapa Patagonia, cierre del circuito Mundial de Duatl\u00f3n de Monta\u00f1a, se conjugan elementos b\u00e1sicos de este tipo de disciplina deportiva; junto a la intensidad que se vive tanto en el Mountain Bike como en la carrera a campo trav\u00e9s agregamos como aderezo un trazado por senderos que se internan en la majestuosidad que [&hellip;]<\/p>\n","protected":false},"author":1,"featured_media":0,"parent":79,"menu_order":0,"comment_status":"open","ping_status":"closed","template":"page-templates\/content-semi-full-width.php","meta":{"footnotes":""},"class_list":["post-247","page","type-page","status-publish","hentry"],"_links":{"self":[{"href":"https:\/\/www.patagoniaeventos.com\/index.php\/wp-json\/wp\/v2\/pages\/247","targetHints":{"allow":["GET"]}}],"collection":[{"href":"https:\/\/www.patagoniaeventos.com\/index.php\/wp-json\/wp\/v2\/pages"}],"about":[{"href":"https:\/\/www.patagoniaeventos.com\/index.php\/wp-json\/wp\/v2\/types\/page"}],"author":[{"embeddable":true,"href":"https:\/\/www.patagoniaeventos.com\/index.php\/wp-json\/wp\/v2\/users\/1"}],"replies":[{"embeddable":true,"href":"https:\/\/www.patagoniaeventos.com\/index.php\/wp-json\/wp\/v2\/comments?post=247"}],"version-history":[{"count":0,"href":"https:\/\/www.patagoniaeventos.com\/index.php\/wp-json\/wp\/v2\/pages\/247\/revisions"}],"up":[{"embeddable":true,"href":"https:\/\/www.patagoniaeventos.com\/index.php\/wp-json\/wp\/v2\/pages\/79"}],"wp:attachment":[{"href":"https:\/\/www.patagoniaeventos.com\/index.php\/wp-json\/wp\/v2\/media?parent=247"}],"curies":[{"name":"wp","href":"https:\/\/api.w.org\/{rel}","templated":true}]}}