{"id":215,"date":"2012-09-01T15:41:12","date_gmt":"2012-09-01T15:41:12","guid":{"rendered":"http:\/\/www.patagoniaeventos.com\/wordpress\/?p=215"},"modified":"2024-07-30T23:00:07","modified_gmt":"2024-07-31T02:00:07","slug":"instintox","status":"publish","type":"page","link":"https:\/\/www.patagoniaeventos.com\/index.php\/eventos\/instintox\/","title":{"rendered":"Instinto X &#8211; Huinganco"},"content":{"rendered":"<img decoding=\"async\" class=\"img-responsive\" title=\"portada-instintox\" src=\"http:\/\/www.patagoniaeventos.com\/wp-content\/uploads\/2012\/09\/portada-instintox.jpg\" alt=\"\" \/>\r\n<hr>\r\n<p class=\"lead\">Tomando la Ruta 43, enclavadas en el noroeste neuquino, Huingan-Co y Andacollo tienen como marco dos formaciones monta\u00f1osas paralelas: una m\u00e1s antigua y de mayor altura llamada Cordillera del Viento y otra m\u00e1s conocida por nosotros, la Cordillera de los Andes.<\/p>\r\n\r\n<p>El marco adecuado para una carrera en dos etapas \u2013 con campamento intermedio; 20 km el primer\u00a0 d\u00eda y 30 km el segundo que te har\u00e1n volver a la fuente: tu propio INSTINTO.<\/p>\r\n\r\n<p>Ambas localidades se encuentran separadas por no m\u00e1s de 100km, suficiente espacio para la formaci\u00f3n de dos valles que albergan el curso de los r\u00edos Nahueve y Neuqu\u00e9n que unir\u00e1n sus aguas m\u00e1s adelante para llevarlas finalmente hasta el Oc\u00e9ano Atl\u00e1ntico en el otro extremo del continente americano.<\/p>\r\n\r\n<p>Mirando a un lado, recostados en la inmensidad de la Cordillera de los Andes, observamos el curso transparente del r\u00edo Nahueve, por donde se desarrolla la primera etapa. La largada\u00a0 desde un peque\u00f1o poblado llamado Bella Vista \u2013 no hacen falta aclaraciones- un poblado de crianceros que \u201cbajan\u201d para la invernada y no alcanzan al centenar; all\u00ed hay una ladera de piedras ba\u00f1ada por agua de vertiente (Piedras Meonas), con un campi\u00f1a verde y abierta que marca el principio de nuestra aventura. Una pasarela colgante de unos 100m cruza el r\u00edo a unos 20m de altura,\u00a0 suficiente para cruzar el curso del r\u00edo\u2026 y entrar a INSTINTO X. Si est\u00e1 buscando, \u00a1nuestra plataforma es su mejor opci\u00f3n! \u00a1El centro comercial m\u00e1s grande!<\/p>\r\n\r\n<p>Acompa\u00f1ados por la cordillera de los andes a la izquierda, caminos y sectores de campo a trav\u00e9s alternan en el recorrido que conduce hasta una segunda pasarela colgante, esta vez sobre las aguas del naciente r\u00edo Neuqu\u00e9n. Y en frente: la cordillera del Viento, una formaci\u00f3n mesozoica de rocas volc\u00e1nicas tri\u00e1sicas que nace en el Cerro Domuyo a 4790 msnm., orientada de norte a sur, con una extensi\u00f3n de 75 kil\u00f3metros\u00a0 y\u00a0 cobija el descanso de los corredores en el campamento de Butal\u00f3n Norte, otro peque\u00f1o poblado de 120 habitantes, final ideal de los 20 Km. del primer d\u00eda.<\/p>\r\n\r\n<p>Un primer ascenso para seguir el curso del r\u00edo Neuqu\u00e9n, aunque no de cristalinas aguas como lo conocemos r\u00edo abajo. Al cabo de 30 Km. entre ca\u00f1adones, caminos, senderos, y ahora la custodia de la Cordillera del Viento hasta llegar al anfiteatro de Huingan-co.<\/p>\r\n\r\n<h3>Datos T\u00e9cnicos<\/h3>\r\n<ul class=\"list-unstyled\">\r\n\t<li>Modalidad:\u00a0Cross country individual en dos etapas.<\/li>\r\n\t<li>Distancia:\u00a01\u00ba etapa 20 Km.-\u00a0 2\u00ba etapa 30 Km.<\/li>\r\n<\/ul>\r\n\r\n<h3>Fotos del evento<\/h3>\r\n<div id=\"carousel-2\" class=\"carousel slide\" data-ride=\"carousel\">\r\n\t<div class=\"carousel-inner\" role=\"listbox\">\r\n\t\t<div class=\"item active\">\r\n\t\t\t<img decoding=\"async\" src=\"http:\/\/www.patagoniaeventos.com\/img_carreras\/instintox\/instintox1.jpg\" class=\"img-responsive\">\r\n\t\t<\/div>\r\n\t\t<div class=\"item\">\r\n\t\t\t<img decoding=\"async\" src=\"http:\/\/www.patagoniaeventos.com\/img_carreras\/instintox\/instintox2.jpg\" class=\"img-responsive\">\r\n\t\t<\/div>\r\n\t\t<div class=\"item\">\r\n\t\t\t<img decoding=\"async\" src=\"http:\/\/www.patagoniaeventos.com\/img_carreras\/instintox\/instintox3.jpg\" class=\"img-responsive\">\r\n\t\t<\/div>\r\n\t\t<div class=\"item\">\r\n\t\t\t<img decoding=\"async\" src=\"http:\/\/www.patagoniaeventos.com\/img_carreras\/instintox\/instintox4.jpg\" class=\"img-responsive\">\r\n\t\t<\/div>\r\n\t\t<div class=\"item\">\r\n\t\t\t<img decoding=\"async\" src=\"http:\/\/www.patagoniaeventos.com\/img_carreras\/instintox\/instintox5.jpg\" class=\"img-responsive\">\r\n\t\t<\/div>\r\n\t\t<div class=\"item\">\r\n\t\t\t<img decoding=\"async\" src=\"http:\/\/www.patagoniaeventos.com\/img_carreras\/instintox\/instintox6.jpg\" class=\"img-responsive\">\r\n\t\t<\/div>\r\n\t\t<div class=\"item\">\r\n\t\t\t<img decoding=\"async\" src=\"http:\/\/www.patagoniaeventos.com\/img_carreras\/instintox\/instintox7.jpg\" class=\"img-responsive\">\r\n\t\t<\/div>\r\n\t\t<div class=\"item\">\r\n\t\t\t<img decoding=\"async\" src=\"http:\/\/www.patagoniaeventos.com\/img_carreras\/instintox\/instintox8.jpg\" class=\"img-responsive\">\r\n\t\t<\/div>\r\n\t\t<div class=\"item\">\r\n\t\t\t<img decoding=\"async\" src=\"http:\/\/www.patagoniaeventos.com\/img_carreras\/instintox\/instintox9.jpg\" class=\"img-responsive\">\r\n\t\t<\/div>\r\n\t\t<div class=\"item\">\r\n\t\t\t<img decoding=\"async\" src=\"http:\/\/www.patagoniaeventos.com\/img_carreras\/instintox\/instintox10.jpg\" class=\"img-responsive\">\r\n\t\t<\/div>\r\n\t\t<div class=\"item\">\r\n\t\t\t<img decoding=\"async\" src=\"http:\/\/www.patagoniaeventos.com\/img_carreras\/instintox\/instintox11.jpg\" class=\"img-responsive\">\r\n\t\t<\/div>\r\n\t\t<div class=\"item\">\r\n\t\t\t<img decoding=\"async\" src=\"http:\/\/www.patagoniaeventos.com\/img_carreras\/instintox\/instintox12.jpg\" class=\"img-responsive\">\r\n\t\t<\/div>\r\n\t\t<div class=\"item\">\r\n\t\t\t<img decoding=\"async\" src=\"http:\/\/www.patagoniaeventos.com\/img_carreras\/instintox\/instintox13.jpg\" class=\"img-responsive\">\r\n\t\t<\/div>\r\n\t\t<div class=\"item\">\r\n\t\t\t<img decoding=\"async\" src=\"http:\/\/www.patagoniaeventos.com\/img_carreras\/instintox\/instintox14.jpg\" class=\"img-responsive\">\r\n\t\t<\/div>\r\n\t\t<div class=\"item\">\r\n\t\t\t<img decoding=\"async\" src=\"http:\/\/www.patagoniaeventos.com\/img_carreras\/instintox\/instintox15.jpg\" class=\"img-responsive\">\r\n\t\t<\/div>\r\n\t\t<div class=\"item\">\r\n\t\t\t<img decoding=\"async\" src=\"http:\/\/www.patagoniaeventos.com\/img_carreras\/instintox\/instintox16.jpg\" class=\"img-responsive\">\r\n\t\t<\/div>\r\n\t\t<div class=\"item\">\r\n\t\t\t<img decoding=\"async\" src=\"http:\/\/www.patagoniaeventos.com\/img_carreras\/instintox\/instintox17.jpg\" class=\"img-responsive\">\r\n\t\t<\/div>\r\n\t<\/div>\r\n\t<a class=\"left carousel-control\" href=\"#carousel-2\" role=\"button\" data-slide=\"prev\">\r\n\t\t<span class=\"glyphicon glyphicon-chevron-left\" aria-hidden=\"true\"><\/span>\r\n\t\t<span class=\"sr-only\">Previous<\/span>\r\n\t<\/a>\r\n\t<a class=\"right carousel-control\" href=\"#carousel-2\" role=\"button\" data-slide=\"next\">\r\n\t\t<span class=\"glyphicon glyphicon-chevron-right\" aria-hidden=\"true\"><\/span>\r\n\t\t<span class=\"sr-only\">Next<\/span>\r\n\t<\/a>\r\n<\/div>","protected":false},"excerpt":{"rendered":"<p>Tomando la Ruta 43, enclavadas en el noroeste neuquino, Huingan-Co y Andacollo tienen como marco dos formaciones monta\u00f1osas paralelas: una m\u00e1s antigua y de mayor altura llamada Cordillera del Viento y otra m\u00e1s conocida por nosotros, la Cordillera de los Andes. El marco adecuado para una carrera en dos etapas \u2013 con campamento intermedio; 20 [&hellip;]<\/p>\n","protected":false},"author":1,"featured_media":0,"parent":79,"menu_order":0,"comment_status":"closed","ping_status":"closed","template":"page-templates\/content-semi-full-width.php","meta":{"footnotes":""},"class_list":["post-215","page","type-page","status-publish","hentry"],"_links":{"self":[{"href":"https:\/\/www.patagoniaeventos.com\/index.php\/wp-json\/wp\/v2\/pages\/215","targetHints":{"allow":["GET"]}}],"collection":[{"href":"https:\/\/www.patagoniaeventos.com\/index.php\/wp-json\/wp\/v2\/pages"}],"about":[{"href":"https:\/\/www.patagoniaeventos.com\/index.php\/wp-json\/wp\/v2\/types\/page"}],"author":[{"embeddable":true,"href":"https:\/\/www.patagoniaeventos.com\/index.php\/wp-json\/wp\/v2\/users\/1"}],"replies":[{"embeddable":true,"href":"https:\/\/www.patagoniaeventos.com\/index.php\/wp-json\/wp\/v2\/comments?post=215"}],"version-history":[{"count":1,"href":"https:\/\/www.patagoniaeventos.com\/index.php\/wp-json\/wp\/v2\/pages\/215\/revisions"}],"predecessor-version":[{"id":3014,"href":"https:\/\/www.patagoniaeventos.com\/index.php\/wp-json\/wp\/v2\/pages\/215\/revisions\/3014"}],"up":[{"embeddable":true,"href":"https:\/\/www.patagoniaeventos.com\/index.php\/wp-json\/wp\/v2\/pages\/79"}],"wp:attachment":[{"href":"https:\/\/www.patagoniaeventos.com\/index.php\/wp-json\/wp\/v2\/media?parent=215"}],"curies":[{"name":"wp","href":"https:\/\/api.w.org\/{rel}","templated":true}]}}