{"id":2143,"date":"2012-09-26T17:59:25","date_gmt":"2012-09-26T17:59:25","guid":{"rendered":"http:\/\/www.patagoniaeventos.com\/wordpress\/?page_id=2143"},"modified":"2024-07-30T22:59:19","modified_gmt":"2024-07-31T01:59:19","slug":"nativa-tour-reglamento","status":"publish","type":"page","link":"https:\/\/www.patagoniaeventos.com\/index.php\/eventos\/nativa-tour-neuquen\/nativa-tour-reglamento\/","title":{"rendered":"Nativa Tour &#8211; Reglamento"},"content":{"rendered":"<h4><em>Fecha<\/em><\/h4>\r\nNeuqu\u00e9n, 04-11-2012.\r\n<h4><em>Hora de largada<\/em><\/h4>\r\n11:00 hs.\r\n<h4><em>Lugar<\/em><\/h4>\r\nRecorrido a lo largo de la Avenida Olascoaga, entre el r\u00edo Limay y la multitrocha. La largada y llegada se centrar\u00e1n en la \u00faltima cuadra de Avda. Olascoaga, entre Pumamarca y la costanera del R\u00edo Grande. Objetivo: Estimular la pr\u00e1ctica de actividades aer\u00f3bicas y la solidaridad compartiendo una actividad l\u00fadico \u2013 deportiva.\r\n<h4><em>Organizaci\u00f3n<\/em><\/h4>\r\nLa organizaci\u00f3n global de la actividad est\u00e1 a cargo de ISS Spor S.A, quien ha delegado la organizaci\u00f3n local en Patagonia Eventos, con la participaci\u00f3n de la Subsecretar\u00eda de Deportes de la Municipalidad de Neuqu\u00e9n.\r\n<h4><em>Obsequios<\/em><\/h4>\r\nRemera Nativa. Articulo de merchandising Nativa.\r\n<h4><em>Forma de inscripci\u00f3n <\/em><\/h4>\r\nSe podr\u00e1 inscribir en los locales asignados, completando la ficha de inscripci\u00f3n y llev\u00e1ndose la copia de la misma. All\u00ed le entregar\u00e1n el n\u00famero de competidor como constancia de haber realizado el procedimiento de inscripci\u00f3n. Aquellos que se inscriban por el sistema on line de Patagonia Eventos, tendr\u00e1n tres d\u00edas corridos para retirar su n\u00famero en las oficinas ubicadas en calle Santa Cruz N\u00b0 638 de la Ciudad de Neuqu\u00e9n. Cumplido dicho plazo y sin haber retirado el n\u00famero, la inscripci\u00f3n quedar\u00e1 sin efecto. El d\u00eda del evento deber\u00e1 presentarse el participante con el n\u00famero de tyveck y los \u00fatiles nuevos a donar, y podr\u00e1 canjearlos por la remera oficial del evento, para participar.\r\n<h4><em>Remera oficial<\/em><\/h4>\r\nLa remera de competidor se retirar\u00e1 el mismo d\u00eda de la competencia en el sector asignado como Retiro de Remera cercano a la zona de Largada. Se canjear\u00e1 la remera contra los \u00fatiles que ser\u00e1n donados a Autoridades locales de organismos p\u00fablicos. All\u00ed habr\u00e1 dispuestas carpas para entregar dicha prenda y recolectar las donaciones. El uso de la remera es obligatorio, como as\u00ed tambi\u00e9n el n\u00famero de competidor abrochado en el pecho con alfileres de gancho entregadas por la organizaci\u00f3n el d\u00eda del evento. La remera y el n\u00famero constituyen su identificaci\u00f3n como participante oficialmente inscripto en el Nativa Tour y le permite acceder a los servicios y beneficios exclusivos del evento. Este art\u00edculo menciona tu favorito a precios s\u00faper bajos. Elija entre entrega el mismo d\u00eda, entrega desde el veh\u00edculo o recogida de pedidos.\r\n<h4><em>Distancia<\/em><\/h4>\r\nEl Nativa Tour tendr\u00e1 una recorrido aproximado de 5 KM. Dicho recorrido estar\u00e1 marcado KM x KM con un cartel identificatorio.\r\n<h4><em>Clasificaci\u00f3n<\/em><\/h4>\r\nEl Nativa Tour es un evento participativo NO COMPETITIVO, por lo cual no habr\u00e1 clasificaci\u00f3n por categor\u00eda ni toma de tiempos, solo se premiar\u00e1 a los tres primeros hombres y tres primeras mujeres (ver item categor\u00edas y premios). El Nativa Tour lo que promueve es la vida sana y el bienestar corporal, como as\u00ed tambi\u00e9n la solidaridad con el pr\u00f3jimo. El Nativa Tour es un evento Deportivo Social y Solidario, se puede correr, trotar o caminar.\r\n<h4><em>Responsabilidad del participante<\/em><\/h4>\r\nAl inscribirse el interesado acepta las pautas del presente reglamento como lineamientos a seguir para participar en el Nativa Tour. El participante inscripto adem\u00e1s declara estar f\u00edsica, psicol\u00f3gica y m\u00e9dicamente apto para correr el Nativa Tour eximiendo de toda responsabilidad a la Organizaci\u00f3n, sponsors, prestadores y patrocinantes, entidades que apoyan esta competencia.\r\n<h4><em>Servicios adicionales<\/em><\/h4>\r\nPuesto de Hidrataci\u00f3n en llegada.\u00a0Habr\u00e1 un puesto de hidrataci\u00f3n con GATORADE.\r\n\r\nAmbulancias: Habr\u00e1 servicio ambulancias en la largada, llegada, y en el recorrido, como as\u00ed tambi\u00e9n, una ambulancia seguir\u00e1 al \u00faltimo competidor hasta que finalice la prueba.\u00a0Ba\u00f1os qu\u00edmicos: Habr\u00e1 dispuestos ba\u00f1os qu\u00edmicos ubicados en las inmediaciones de la largada \u2013 llegada. Categor\u00edas y premios Solo se premiar\u00e1 a los tres primeros hombres y tres primeras mujeres que crucen la l\u00ednea de Llegada. Pero tambi\u00e9n habr\u00e1 premios para los 20 participantes siguientes que crucen la l\u00ednea de llegada.\r\n<h4><em>Informes e inscripci\u00f3n <\/em><\/h4>\r\nToda la informaci\u00f3n estar\u00e1 dispuesta en www.issports.com.ar o en www.nativanacion.com.ar o en www.patagoniaeventos.com y podr\u00e1n realizar consultas a informes@patagoniaeventos.com o info@issports.com.ar.\r\n<h4><em>Plano del recorrido<\/em><\/h4>\r\n<p style=\"text-align: center;\"><a href=\"http:\/\/www.patagoniaeventos.com\/wordpress\/wp-content\/uploads\/2012\/09\/mapa-nativa2-011.png\"><img loading=\"lazy\" decoding=\"async\" width=\"830\" height=\"238\" class=\"aligncenter  wp-image-2166\" title=\"mapa-nativa2-01\" src=\"http:\/\/www.patagoniaeventos.com\/wp-content\/uploads\/2012\/09\/mapa-nativa2-011.png\" alt=\"\" srcset=\"https:\/\/www.patagoniaeventos.com\/wp-content\/uploads\/2012\/09\/mapa-nativa2-011.png 830w, https:\/\/www.patagoniaeventos.com\/wp-content\/uploads\/2012\/09\/mapa-nativa2-011-300x86.png 300w\" sizes=\"auto, (max-width: 830px) 100vw, 830px\" \/><\/a><\/p>\r\n\r\n<h4><em>Cronograma del evento<\/em><\/h4>\r\n&#8211; 9 a 10 hs. Entrega de remeras.\r\n\r\n&#8211; 10.20 hs. Consejos m\u00e9dicos, diferentes tips para una vida saludable.\r\n\r\n&#8211; 10.30 hs. Entrada en calor pre competitiva.\r\n\r\n&#8211; 10.50 hs. Himno Nacional Argentino.\r\n\r\n&#8211; 10.58 hs. Largada participantes discapacitados.\r\n\r\n-11 hs. Largada.\r\n\r\n-12 hs. Entrega de premios ganadores.\r\n\r\n-12.30 hs. Finalizaci\u00f3n del evento.\r\n\r\n<strong>EL EVENTO NO SE SUSPENDE POR LLUVIA<\/strong>","protected":false},"excerpt":{"rendered":"<p>Fecha Neuqu\u00e9n, 04-11-2012. Hora de largada 11:00 hs. Lugar Recorrido a lo largo de la Avenida Olascoaga, entre el r\u00edo Limay y la multitrocha. La largada y llegada se centrar\u00e1n en la \u00faltima cuadra de Avda. Olascoaga, entre Pumamarca y la costanera del R\u00edo Grande. Objetivo: Estimular la pr\u00e1ctica de actividades aer\u00f3bicas y la solidaridad [&hellip;]<\/p>\n","protected":false},"author":1,"featured_media":0,"parent":258,"menu_order":0,"comment_status":"closed","ping_status":"closed","template":"","meta":{"footnotes":""},"class_list":["post-2143","page","type-page","status-publish","hentry"],"_links":{"self":[{"href":"https:\/\/www.patagoniaeventos.com\/index.php\/wp-json\/wp\/v2\/pages\/2143","targetHints":{"allow":["GET"]}}],"collection":[{"href":"https:\/\/www.patagoniaeventos.com\/index.php\/wp-json\/wp\/v2\/pages"}],"about":[{"href":"https:\/\/www.patagoniaeventos.com\/index.php\/wp-json\/wp\/v2\/types\/page"}],"author":[{"embeddable":true,"href":"https:\/\/www.patagoniaeventos.com\/index.php\/wp-json\/wp\/v2\/users\/1"}],"replies":[{"embeddable":true,"href":"https:\/\/www.patagoniaeventos.com\/index.php\/wp-json\/wp\/v2\/comments?post=2143"}],"version-history":[{"count":1,"href":"https:\/\/www.patagoniaeventos.com\/index.php\/wp-json\/wp\/v2\/pages\/2143\/revisions"}],"predecessor-version":[{"id":3012,"href":"https:\/\/www.patagoniaeventos.com\/index.php\/wp-json\/wp\/v2\/pages\/2143\/revisions\/3012"}],"up":[{"embeddable":true,"href":"https:\/\/www.patagoniaeventos.com\/index.php\/wp-json\/wp\/v2\/pages\/258"}],"wp:attachment":[{"href":"https:\/\/www.patagoniaeventos.com\/index.php\/wp-json\/wp\/v2\/media?parent=2143"}],"curies":[{"name":"wp","href":"https:\/\/api.w.org\/{rel}","templated":true}]}}