{"id":2091,"date":"2012-09-21T20:37:54","date_gmt":"2012-09-21T20:37:54","guid":{"rendered":"http:\/\/www.patagoniaeventos.com\/wordpress\/?page_id=2091"},"modified":"2024-07-30T22:58:35","modified_gmt":"2024-07-31T01:58:35","slug":"green5-los-canales-de-plottier","status":"publish","type":"page","link":"https:\/\/www.patagoniaeventos.com\/index.php\/eventos\/green5-los-canales-de-plottier\/","title":{"rendered":"Green5 &#8211; Los Canales de Plottier"},"content":{"rendered":"<img decoding=\"async\" class=\"img-responsive\" title=\"portada-green5\" src=\"http:\/\/www.patagoniaeventos.com\/wp-content\/uploads\/2012\/09\/portada-green5.jpg\" alt=\"\" \/>\r\n\r\n<h3>Fernando Helling y Yanina Ferroni se adue\u00f1aron de GREEN FIVE<\/h3>\r\n<p class=\"lead\">En el marco de una ma\u00f1ana radiante y un escenario \u00fanico brindado por Los Canales de Plottier se realiz\u00f3 la primera edici\u00f3n de Green FIVE, una nueva experiencia de las Green Cup Series que volvieron a Argentina reuniendo a los corredores de pruebas combinadas en un novedoso formato.<\/p>\r\n\r\n<p>El d\u00eda fue ideal para la familia, aunque los corredores ubiesen preferido unos grados menos, no faltaron los que aprovecharno las aguas del R\u00edo Limay para referexarse mientras segu\u00edan el desarrollo de la carrera en un escenario casi perfecto.<\/p>\r\n\r\n<p>Maxi Morales y Fernando Helling, ambos de General Roca, marcaron el ritmo desde el primer tramo de carrera a pie de 4,5km. juntos entraron en la transici\u00f3n y subieron a su kayak para el primer tramo de la especialidad de 4,5km. los datos llegaban desde los Ca\u00f1adones y desde la laguna del Fondo daban cuenta de que ambos marchaban fuerte sin treguapara llegar al parque cerrado 2 donde la bicicleta los esperaba para el tercer tramo en la especialidad mountain bike.<\/p>\r\n\r\n<p>All\u00ed se esperaba el desenlace, sin embargo los 20km consierados por todos ocmo la parte mas dura de todo el evento, los encontraron arribando juntos a la tercera transici\u00f3n. El tramo de MTB fue demoledor para las fuerzas de varios, y Maxi Morales no fue ageno a ello a pesar de ser un especialista. La transici\u00f3n para retomar el kayak fue mejor aprovechada por Helling, quien not\u00f3 un estado no habitual en Maxi y aprovech\u00f3 para una salida r\u00e1pida frente a los 7km que quedaban por delante arriba de su embarcaci\u00f3n.\r\nPoco a poco fue aumentando las diferencias, augas anbajo del R\u00edo Limay, y al retomar por uno de sus brazos corriente arriba con viento en contra pudo afianzarse y aumentar llevando a mas de 4 minutos la distancia. Su ingreso al \u00faltimo parque cerrado para dejar el kayak y encarar el \u00faltimo tramo a pie, ya dentro del complejo Los Canales, fue solo un tr\u00e1mite de mantener y no poner nada en riesgo.<\/p>\r\n\r\n<p>El \u00faltimo tramo a pie, de 7,5km permiti\u00f3 a los participantes disfrutar de un entorno envidiable, corriendo entre los senderos que unen los 18 hoyos del dise\u00f1o de este campo de golf, pasando por lagos, cruzando puentes y pasando por el verde del fairway. Fue all\u00ed donde Fernando consolid\u00f3 su liderazgo y lleg\u00f3 a la meta con un desborde de alegr\u00eda, no era para menos, hab\u00eda ganado a Maxi Morales, su eterno rival y gran amigo, pero tambi\u00e9n hab\u00eda superado un duro trazado de mas de curenta kil\u00f3metros, algunos en condici\u00f3n de alta dureza. Esta publicaci\u00f3n est\u00e1 patrocinada por nuestros socios.<\/p>\r\n\r\n<p>Creo que \u201csubestimamos la carrera\u201d expres\u00f3 Maxi Morales a su arribo, \u201ctuvo una alta exigencia y fue una gran carrera\u2026 Estoy fel\u00edz por haber llegado segundo detr\u00e1s de Fernando\u201d.<\/p>\r\n\r\n<p>La carrera de mujeres tuvo un dominio absoluto de Yanina Ferroni desde el mismo inicio, su dominio de las disciplinas le permiti\u00f3 aumentar poco a poco las diferencias, en la llegada manifest\u00f3 \u201cno fue ni tranquilo ni suave, yo siempre trato de dar lo m\u00e1ximo\u201d\u2026la atleta de General Roca, esposa de Fernando Helling se alz\u00f3 con la victoria por mas de\u00a0 50minutos\u00a0 sobre Carla R\u00edos y luego Valeria Cilleruelo que lleg\u00f3 en tercer lugar, ambas de Neuqu\u00e9n.<\/p>\r\n\r\n<p>En paralelo a la modalidad principal la organizaci\u00f3n desarroll\u00f3 otras alternativas, la modalidad equipos de relevo que fue ganada por BASSE SEBASTIAN ANDR\u00c8S \/ TOSONI PABLO en la rama masculina y PEREZ CRISTIAN NORBERTO \/ CAZAYOUS CRISTINA en la rama mixta. Fue una experiencia muy alentadora y divertida para los participantes que les permiti\u00f3 compartir el esfuerzo en parejas. Tambi\u00e9n la modalidad run que comprend\u00eda solo los tramos de carrera a pie dentro de Los Canales de Plottier, en este caso los ganadores fueron TIMONI JUAN CARLOS en hombres y en mujeres RODRIGUEZ NORA ISABEL.<\/p>\r\n\r\n<p>Los Canales de Plottier tuvieron su fiesta, fue una grata sorpresa para cada uno de los que llegaron al lugar y pudieron conocerlo, pues se trat\u00f3 practicamente de la presentaci\u00f3n oficial del lugar en forma abierta. Sin lugar a dudas que ser\u00e1 escenario no solo de futuras Green FIVE, sino de otras buenas alternativas para la pr\u00e1ctica del deporte.<\/p>","protected":false},"excerpt":{"rendered":"<p>Fernando Helling y Yanina Ferroni se adue\u00f1aron de GREEN FIVE En el marco de una ma\u00f1ana radiante y un escenario \u00fanico brindado por Los Canales de Plottier se realiz\u00f3 la primera edici\u00f3n de Green FIVE, una nueva experiencia de las Green Cup Series que volvieron a Argentina reuniendo a los corredores de pruebas combinadas en [&hellip;]<\/p>\n","protected":false},"author":1,"featured_media":0,"parent":79,"menu_order":0,"comment_status":"closed","ping_status":"closed","template":"page-templates\/content-semi-full-width.php","meta":{"footnotes":""},"class_list":["post-2091","page","type-page","status-publish","hentry"],"_links":{"self":[{"href":"https:\/\/www.patagoniaeventos.com\/index.php\/wp-json\/wp\/v2\/pages\/2091","targetHints":{"allow":["GET"]}}],"collection":[{"href":"https:\/\/www.patagoniaeventos.com\/index.php\/wp-json\/wp\/v2\/pages"}],"about":[{"href":"https:\/\/www.patagoniaeventos.com\/index.php\/wp-json\/wp\/v2\/types\/page"}],"author":[{"embeddable":true,"href":"https:\/\/www.patagoniaeventos.com\/index.php\/wp-json\/wp\/v2\/users\/1"}],"replies":[{"embeddable":true,"href":"https:\/\/www.patagoniaeventos.com\/index.php\/wp-json\/wp\/v2\/comments?post=2091"}],"version-history":[{"count":1,"href":"https:\/\/www.patagoniaeventos.com\/index.php\/wp-json\/wp\/v2\/pages\/2091\/revisions"}],"predecessor-version":[{"id":3010,"href":"https:\/\/www.patagoniaeventos.com\/index.php\/wp-json\/wp\/v2\/pages\/2091\/revisions\/3010"}],"up":[{"embeddable":true,"href":"https:\/\/www.patagoniaeventos.com\/index.php\/wp-json\/wp\/v2\/pages\/79"}],"wp:attachment":[{"href":"https:\/\/www.patagoniaeventos.com\/index.php\/wp-json\/wp\/v2\/media?parent=2091"}],"curies":[{"name":"wp","href":"https:\/\/api.w.org\/{rel}","templated":true}]}}