{"id":209,"date":"2012-09-01T15:35:06","date_gmt":"2012-09-01T15:35:06","guid":{"rendered":"http:\/\/www.patagoniaeventos.com\/wordpress\/?p=209"},"modified":"2015-06-30T19:15:54","modified_gmt":"2015-06-30T19:15:54","slug":"cross-country-caviahue","status":"publish","type":"page","link":"https:\/\/www.patagoniaeventos.com\/index.php\/eventos\/cross-country-caviahue\/","title":{"rendered":"Endurance Race &#8211; Caviahue"},"content":{"rendered":"<img decoding=\"async\" class=\"img-responsive\" title=\"portada-caviahue\" src=\"http:\/\/www.patagoniaeventos.com\/wp-content\/uploads\/2012\/09\/portada-caviahue.jpg\" alt=\"\" \/>\r\n<hr>\r\n<p class=\"lead\">En la tierra de los pehuenes,\u00a0 en la linea exacta en donde acaba la aridez del desierto; donde culturas ancestrales a\u00fan veneran la tierra.<\/p>\r\n\r\n<p>Justo all\u00ed, el Cross Country CAVIAHUE Endurance Race es la invitaci\u00f3n a transitar uno de los lugares de mayor belleza virgen de la Argentina.<\/p>\r\n\r\n<p>Comenzando con el verde esmeralda del Lago que da nombre a la localidad, para internarse en los bosques de araucarias, cruzar arroyos, bordear el r\u00edo Agrio y sus siete cascadas, para encaminar el rumbo hacia la Laguna Hualcupen, previo a sortear mallines.<\/p>\r\n\r\n<p>Con un formato que combina la caminata y la carrera, siempre a campo trav\u00e9s, siempre inmersos en uno de los lugares m\u00e1s bellos de la regi\u00f3n, completando 31 kil\u00f3metros que nos traslada en el espacio y el tiempo.<\/p>\r\n\r\n<h3>Datos T\u00e9cnicos<\/h3>\r\n<ul class=\"list-unstyled\">\r\n\t<li>Modalidad:\u00a0Cross country por parejas<\/li>\r\n\t<li>Distancia:\u00a031 Km<\/li>\r\n<\/ul>\r\n\r\n<h3>Fotos del Evento<\/h3>\r\n<div id=\"carousel-2\" class=\"carousel slide\" data-ride=\"carousel\">\r\n\t<div class=\"carousel-inner\" role=\"listbox\">\r\n\t\t<div class=\"item active\">\r\n\t\t\t<img decoding=\"async\" src=\"http:\/\/www.patagoniaeventos.com\/img_carreras\/caviahue\/caviahue1y2.jpg\" class=\"img-responsive\">\r\n\t\t<\/div>\r\n\t\t<div class=\"item\">\r\n\t\t\t<img decoding=\"async\" src=\"http:\/\/www.patagoniaeventos.com\/img_carreras\/caviahue\/caviahue3y4.jpg\" class=\"img-responsive\">\r\n\t\t<\/div>\r\n\t\t<div class=\"item\">\r\n\t\t\t<img decoding=\"async\" src=\"http:\/\/www.patagoniaeventos.com\/img_carreras\/caviahue\/caviahue5y6.jpg\" class=\"img-responsive\">\r\n\t\t<\/div>\r\n\t\t<div class=\"item\">\r\n\t\t\t<img decoding=\"async\" src=\"http:\/\/www.patagoniaeventos.com\/img_carreras\/caviahue\/caviahue7y8.jpg\" class=\"img-responsive\">\r\n\t\t<\/div>\r\n\t\t<div class=\"item\">\r\n\t\t\t<img decoding=\"async\" src=\"http:\/\/www.patagoniaeventos.com\/img_carreras\/caviahue\/caviahue9y10.jpg\" class=\"img-responsive\">\r\n\t\t<\/div>\r\n\t\t<div class=\"item\">\r\n\t\t\t<img decoding=\"async\" src=\"http:\/\/www.patagoniaeventos.com\/img_carreras\/caviahue\/caviahue11y12.jpg\" class=\"img-responsive\">\r\n\t\t<\/div>\r\n\t\t<div class=\"item\">\r\n\t\t\t<img decoding=\"async\" src=\"http:\/\/www.patagoniaeventos.com\/img_carreras\/caviahue\/caviahue13y14.jpg\" class=\"img-responsive\">\r\n\t\t<\/div>\r\n\t\t<div class=\"item\">\r\n\t\t\t<img decoding=\"async\" src=\"http:\/\/www.patagoniaeventos.com\/img_carreras\/caviahue\/caviahue15y16.jpg\" class=\"img-responsive\">\r\n\t\t<\/div>\r\n\t\t<div class=\"item\">\r\n\t\t\t<img decoding=\"async\" src=\"http:\/\/www.patagoniaeventos.com\/img_carreras\/caviahue\/caviahue17y18.jpg\" class=\"img-responsive\">\r\n\t\t<\/div>\r\n\t<\/div>\r\n\t<a class=\"left carousel-control\" href=\"#carousel-2\" role=\"button\" data-slide=\"prev\">\r\n\t\t<span class=\"glyphicon glyphicon-chevron-left\" aria-hidden=\"true\"><\/span>\r\n\t\t<span class=\"sr-only\">Previous<\/span>\r\n\t<\/a>\r\n\t<a class=\"right carousel-control\" href=\"#carousel-2\" role=\"button\" data-slide=\"next\">\r\n\t\t<span class=\"glyphicon glyphicon-chevron-right\" aria-hidden=\"true\"><\/span>\r\n\t\t<span class=\"sr-only\">Next<\/span>\r\n\t<\/a>\r\n<\/div>","protected":false},"excerpt":{"rendered":"<p>En la tierra de los pehuenes,\u00a0 en la linea exacta en donde acaba la aridez del desierto; donde culturas ancestrales a\u00fan veneran la tierra. Justo all\u00ed, el Cross Country CAVIAHUE Endurance Race es la invitaci\u00f3n a transitar uno de los lugares de mayor belleza virgen de la Argentina. Comenzando con el verde esmeralda del Lago [&hellip;]<\/p>\n","protected":false},"author":1,"featured_media":0,"parent":79,"menu_order":0,"comment_status":"open","ping_status":"closed","template":"page-templates\/content-semi-full-width.php","meta":{"footnotes":""},"class_list":["post-209","page","type-page","status-publish","hentry"],"_links":{"self":[{"href":"https:\/\/www.patagoniaeventos.com\/index.php\/wp-json\/wp\/v2\/pages\/209","targetHints":{"allow":["GET"]}}],"collection":[{"href":"https:\/\/www.patagoniaeventos.com\/index.php\/wp-json\/wp\/v2\/pages"}],"about":[{"href":"https:\/\/www.patagoniaeventos.com\/index.php\/wp-json\/wp\/v2\/types\/page"}],"author":[{"embeddable":true,"href":"https:\/\/www.patagoniaeventos.com\/index.php\/wp-json\/wp\/v2\/users\/1"}],"replies":[{"embeddable":true,"href":"https:\/\/www.patagoniaeventos.com\/index.php\/wp-json\/wp\/v2\/comments?post=209"}],"version-history":[{"count":0,"href":"https:\/\/www.patagoniaeventos.com\/index.php\/wp-json\/wp\/v2\/pages\/209\/revisions"}],"up":[{"embeddable":true,"href":"https:\/\/www.patagoniaeventos.com\/index.php\/wp-json\/wp\/v2\/pages\/79"}],"wp:attachment":[{"href":"https:\/\/www.patagoniaeventos.com\/index.php\/wp-json\/wp\/v2\/media?parent=209"}],"curies":[{"name":"wp","href":"https:\/\/api.w.org\/{rel}","templated":true}]}}