{"id":2,"date":"2012-08-29T17:25:53","date_gmt":"2012-08-29T17:25:53","guid":{"rendered":"http:\/\/www.patagoniaeventos.com\/wordpress\/?page_id=2"},"modified":"2025-11-26T09:10:43","modified_gmt":"2025-11-26T12:10:43","slug":"nosotros","status":"publish","type":"page","link":"https:\/\/www.patagoniaeventos.com\/index.php\/nosotros\/","title":{"rendered":"Nosotros"},"content":{"rendered":"<div class=\"row\">\r\n<div class=\"col-md-4\">\r\n\r\nNos proyectamos desde la Patagonia Argentina, con la certeza de acercar un servicio de excelencia en organizaci\u00f3n de eventos deportivos. Mas de 14 a\u00f1os y 250 carreras, avalan nuestro servicio y trayectoria en lo que a log\u00edstica y organizaci\u00f3n se refiere.\r\nNuestra Misi\u00f3n, es brindar un servicio de excelencia , generando experiencias irrepetibles en nuestros clientes, tanto en los corredores que participan en nuestros eventos, como en las marcas que nos acompa\u00f1an.\r\n<span style=\"color: #ff6600;\"><strong>Nuestra Visi\u00f3n, brindar nuestros servicios en los 5 continentes.<\/strong><\/span>\r\nEventos destacados:\r\n-K42 Series (Argentina, Brasil, Bolivia, Colombia, Chile, Per\u00fa , Espa\u00f1a, Marruecos, Italia)\r\n-K21 Series (Neuqu\u00e9n, Buenos Aires, San Juan, Santa Fe, Entre Rios, Salta, Cordoba, Mendoza)\r\n-Producci\u00f3n general de la Gira Nacional del Seleccionado Argentino de B\u00e1squetbol.\r\n\r\n<\/div>\r\n\r\n<div class=\"col-md-8\"><img decoding=\"async\" class=\"img-responsive\" src=\"http:\/\/www.patagoniaeventos.com\/wp-content\/uploads\/2012\/08\/equipo-2025.jpg\" alt=\"Staff K42 2019\" \/><\/div>\r\n<\/div>\r\n<h3 class=\"page-header text-center\">Somos<\/h3>\r\n<div class=\"row\">\r\n\r\n<div class=\"col-xs-6 col-sm-4 col-md-3 \"><img decoding=\"async\" class=\"img-responsive\" title=\"D. Zarba\" src=\"http:\/\/www.patagoniaeventos.com\/wp-content\/uploads\/2020\/07\/zarbabn.jpg\" alt=\"\" \/>\r\n<h4>Diego Zarba<\/h4>\r\n<small>Socio Gerente<\/small>\r\n<\/div>\r\n\r\n<div class=\"col-xs-6 col-sm-4 col-md-3 \"><img decoding=\"async\" class=\"img-responsive\" title=\"C. Picavia\" src=\"http:\/\/www.patagoniaeventos.com\/wp-content\/uploads\/2012\/08\/Cami.jpg\" alt=\"\" \/>\r\n<h4>Camila Picavia<\/h4>\r\n<small>Producci\u00f3n General<\/small>\r\n<\/div>\r\n\r\n<div class=\"col-xs-6 col-sm-4 col-md-3 \"><img decoding=\"async\" class=\"img-responsive\" title=\"M. Jara\" src=\"http:\/\/www.patagoniaeventos.com\/wp-content\/uploads\/2020\/07\/jarabn.jpg\" alt=\"\" \/>\r\n<h4>Marcos Jara<\/h4>\r\n<small>Infraestructura<\/small>\r\n<\/div>\r\n\r\n<div class=\"col-xs-6 col-sm-4 col-md-3 \"><img decoding=\"async\" class=\"img-responsive\" title=\"J. Gandini\" src=\"http:\/\/www.patagoniaeventos.com\/wp-content\/uploads\/2020\/07\/gandinibn.jpg\" alt=\"\" \/>\r\n<h4>Jorge Gandini<\/h4>\r\n<small>PE Times<\/small>\r\n<\/div>\r\n\r\n<div class=\"col-xs-6 col-sm-4 col-md-3 \"><img decoding=\"async\" class=\"img-responsive\" title=\"L. Furl\u00e1n\" src=\"http:\/\/www.patagoniaeventos.com\/wp-content\/uploads\/2020\/07\/furlanbn.jpg\" alt=\"\" \/>\r\n<h4>Luciano Furl\u00e1n<\/h4>\r\n<small>Comunicaci\u00f3n y Producci\u00f3n<\/small>\r\n<\/div>\r\n\r\n<div class=\"col-xs-6 col-sm-4 col-md-3 \"><img decoding=\"async\" class=\"img-responsive\" title=\"N. Heredia\" src=\"http:\/\/www.patagoniaeventos.com\/wp-content\/uploads\/2020\/07\/herediabn.jpg\" alt=\"\" \/>\r\n<h4>Norma Heredia<\/h4>\r\n<small>Administraci\u00f3n, Prensa y Comunicaci\u00f3n<\/small>\r\n<\/div>\r\n\r\n<div class=\"col-xs-6 col-sm-4 col-md-3 \"><img decoding=\"async\" class=\"img-responsive\" title=\"Maka\" src=\"http:\/\/www.patagoniaeventos.com\/wp-content\/uploads\/2012\/08\/maka.jpg\" alt=\"\" \/>\r\n<h4>Maka<\/h4>\r\n<small>Mascota KSeries<\/small>\r\n<\/div>\r\n\r\n<\/div>\r\n\r\n<hr \/>\r\n\r\n<h4 style=\"text-align: center;\" align=\"justify\">Forma parte del equipo de Patagonia Eventos, envianos tu cv a <a href=\"mailto:informes@patagoniaeventos.com\" target=\"_blank\">informes@patagoniaeventos.com<\/a><\/h4>","protected":false},"excerpt":{"rendered":"<p>Nos proyectamos desde la Patagonia Argentina, con la certeza de acercar un servicio de excelencia en organizaci\u00f3n de eventos deportivos. Mas de 14 a\u00f1os y 250 carreras, avalan nuestro servicio y trayectoria en lo que a log\u00edstica y organizaci\u00f3n se refiere. Nuestra Misi\u00f3n, es brindar un servicio de excelencia , generando experiencias irrepetibles en nuestros [&hellip;]<\/p>\n","protected":false},"author":1,"featured_media":139,"parent":0,"menu_order":0,"comment_status":"closed","ping_status":"closed","template":"page-templates\/content-full-width.php","meta":{"footnotes":""},"class_list":["post-2","page","type-page","status-publish","hentry"],"_links":{"self":[{"href":"https:\/\/www.patagoniaeventos.com\/index.php\/wp-json\/wp\/v2\/pages\/2","targetHints":{"allow":["GET"]}}],"collection":[{"href":"https:\/\/www.patagoniaeventos.com\/index.php\/wp-json\/wp\/v2\/pages"}],"about":[{"href":"https:\/\/www.patagoniaeventos.com\/index.php\/wp-json\/wp\/v2\/types\/page"}],"author":[{"embeddable":true,"href":"https:\/\/www.patagoniaeventos.com\/index.php\/wp-json\/wp\/v2\/users\/1"}],"replies":[{"embeddable":true,"href":"https:\/\/www.patagoniaeventos.com\/index.php\/wp-json\/wp\/v2\/comments?post=2"}],"version-history":[{"count":9,"href":"https:\/\/www.patagoniaeventos.com\/index.php\/wp-json\/wp\/v2\/pages\/2\/revisions"}],"predecessor-version":[{"id":3023,"href":"https:\/\/www.patagoniaeventos.com\/index.php\/wp-json\/wp\/v2\/pages\/2\/revisions\/3023"}],"wp:featuredmedia":[{"embeddable":true,"href":"https:\/\/www.patagoniaeventos.com\/index.php\/wp-json\/wp\/v2\/media\/139"}],"wp:attachment":[{"href":"https:\/\/www.patagoniaeventos.com\/index.php\/wp-json\/wp\/v2\/media?parent=2"}],"curies":[{"name":"wp","href":"https:\/\/api.w.org\/{rel}","templated":true}]}}